{"id":27,"date":"2025-03-07T11:19:21","date_gmt":"2025-03-07T10:19:21","guid":{"rendered":"https:\/\/lilia-escort.com\/?page_id=27"},"modified":"2025-08-24T11:59:39","modified_gmt":"2025-08-24T09:59:39","slug":"faq","status":"publish","type":"page","link":"https:\/\/lilia-escort.com\/en\/faq\/","title":{"rendered":"FAQs"},"content":{"rendered":"<div class=\"wp-block-group alignfull is-style-default has-custom-color-2-color has-custom-color-7-background-color has-text-color has-background has-link-color wp-elements-8c849ff7cd0e5bb301030dac11e3bda1 has-global-padding is-content-justification-center is-layout-constrained wp-container-core-group-is-layout-664bd9c6 wp-block-group-is-layout-constrained\" style=\"margin-top:0;margin-bottom:0;padding-top:var(--wp--preset--spacing--50);padding-bottom:var(--wp--preset--spacing--50)\">\n<h1 class=\"wp-block-heading has-text-align-center has-custom-color-2-color has-text-color has-link-color has-x-large-font-size wp-elements-1ccc46aa1959c3f3d3656f1045c790cc\">Frequently Asked Questions<\/h1>\n\n\n\n<div class=\"wp-block-group alignwide is-layout-flow wp-block-group-is-layout-flow\" style=\"margin-top:30px;margin-bottom:30px\">\n<div class=\"wp-block-group alignwide has-global-padding is-layout-constrained wp-container-core-group-is-layout-e3ca8dda wp-block-group-is-layout-constrained\" style=\"margin-top:40px;margin-bottom:40px\">\n<h3 class=\"wp-block-heading has-text-align-center is-menu-section-name has-custom-color-2-color has-text-color has-link-color has-large-font-size wp-elements-5a9c191ad8fd4ed87c24bd80d00e3fb0\" style=\"margin-top:0px;margin-bottom:0px\">General<\/h3>\n\n\n\n<div class=\"wp-block-group is-layout-flow wp-container-core-group-is-layout-e54c22d0 wp-block-group-is-layout-flow\" style=\"margin-top:20px;margin-bottom:20px\">\n<div class=\"wp-block-group alignwide is-layout-flow wp-block-group-is-layout-flow\" style=\"border-bottom-width:1px;padding-top:24px;padding-bottom:24px\">\n<div class=\"wp-block-group is-content-justification-space-between is-layout-flex wp-container-core-group-is-layout-95d0b82a wp-block-group-is-layout-flex\">\n<details class=\"wp-block-details is-layout-flow wp-block-details-is-layout-flow\"><summary>How far in advance should I submit a request?<\/summary>\n<p class=\"wp-block-paragraph\">Je fr\u00fcher, desto besser. Kurzfristige Anfragen sind m\u00f6glich, aber eine fr\u00fchzeitige Planung stellt sicher, dass ich mir deinen gew\u00fcnschten Termin f\u00fcr unser Escort Date einplanen kann.<\/p>\n<\/details>\n<\/div>\n<\/div>\n\n\n\n<div class=\"wp-block-group alignwide is-layout-flow wp-block-group-is-layout-flow\" style=\"border-bottom-width:1px;padding-top:24px;padding-bottom:24px\">\n<div class=\"wp-block-group is-content-justification-space-between is-layout-flex wp-container-core-group-is-layout-95d0b82a wp-block-group-is-layout-flex\">\n<details class=\"wp-block-details is-layout-flow wp-block-details-is-layout-flow\"><summary>Is discretion guaranteed?<\/summary>\n<p class=\"wp-block-paragraph\">Absolut. Diskretion ist f\u00fcr mich selbstverst\u00e4ndlich \u2013 sowohl deine als auch meine Privatsph\u00e4re sind mir wichtig.<\/p>\n<\/details>\n<\/div>\n<\/div>\n\n\n\n<div class=\"wp-block-group alignwide is-layout-flow wp-block-group-is-layout-flow\" style=\"border-bottom-width:1px;padding-top:24px;padding-bottom:24px\">\n<div class=\"wp-block-group is-content-justification-space-between is-layout-flex wp-container-core-group-is-layout-95d0b82a wp-block-group-is-layout-flex\">\n<details class=\"wp-block-details is-layout-flow wp-block-details-is-layout-flow\"><summary>Can I meet you in person or on the phone prior to our Date?<\/summary>\n<p class=\"wp-block-paragraph\">Ja, du kannst gerne zun\u00e4chst die Dinner-only Option (bis 2h &#8211; 400\u20ac) anfragen, damit wir uns bei einem entspannten Abendessen unverbindlich beschnuppern k\u00f6nnen.<br>F\u00fcr ein telefonisches Kennenlernen, was \u00fcber ein kurzes Besprechen der Details hinausgeht, k\u00f6nnen wir \u00fcber ein angemessenes Honorar f\u00fcr meine investierte Zeit sprechen.<\/p>\n<\/details>\n<\/div>\n<\/div>\n<\/div>\n<\/div>\n\n\n\n<div class=\"wp-block-group alignwide has-global-padding is-layout-constrained wp-container-core-group-is-layout-e3ca8dda wp-block-group-is-layout-constrained\" style=\"margin-top:40px;margin-bottom:40px\">\n<h3 class=\"wp-block-heading has-text-align-center is-menu-section-name has-custom-color-2-color has-text-color has-link-color has-large-font-size wp-elements-97539e2da4ce1cf25f871f33cd83fb53\">Booking &amp; Financial Aspect <\/h3>\n\n\n\n<div class=\"wp-block-group is-layout-flow wp-container-core-group-is-layout-e54c22d0 wp-block-group-is-layout-flow\" style=\"margin-top:20px;margin-bottom:20px\">\n<div class=\"wp-block-group alignwide is-layout-flow wp-block-group-is-layout-flow\" style=\"border-bottom-width:1px;padding-top:24px;padding-bottom:24px\">\n<div class=\"wp-block-group is-content-justification-space-between is-layout-flex wp-container-core-group-is-layout-95d0b82a wp-block-group-is-layout-flex\">\n<details class=\"wp-block-details is-layout-flow wp-block-details-is-layout-flow\"><summary>How does the booking work?<\/summary>\n<p class=\"wp-block-paragraph\">For an exclusive escort date in Berlin (or outside Berlin), you can contact me using the <a href=\"https:\/\/lilia-escort.com\/en\/anfrageformular\/\">Inquiry Form<\/a> I will review your kind message and respond promptly via your preferred method of communication. I offer you a tailor-made escort service that is completely tailored to your wishes.<\/p>\n<\/details>\n<\/div>\n<\/div>\n\n\n\n<div class=\"wp-block-group alignwide is-layout-flow wp-block-group-is-layout-flow\" style=\"border-bottom-width:1px;padding-top:24px;padding-bottom:24px\">\n<div class=\"wp-block-group is-content-justification-space-between is-layout-flex wp-container-core-group-is-layout-95d0b82a wp-block-group-is-layout-flex\">\n<details class=\"wp-block-details is-layout-flow wp-block-details-is-layout-flow\"><summary>How does the payment work?<\/summary>\n<p class=\"wp-block-paragraph\">Please discreetly hand me my <a href=\"https:\/\/lilia-escort.com\/en\/honorar\/\">Rates<\/a> at the beginning of our meeting in an envelope or similar, without me having to remind you. This way, we can concentrate on our shared experience right from the start and enjoy our time together without any distractions<br>Other payment methods (such as bank transfer) may be possible by arrangement.<\/p>\n<\/details>\n<\/div>\n<\/div>\n\n\n\n<div class=\"wp-block-group alignwide is-layout-flow wp-block-group-is-layout-flow\" style=\"border-bottom-width:1px;padding-top:24px;padding-bottom:24px\">\n<div class=\"wp-block-group is-content-justification-space-between is-layout-flex wp-container-core-group-is-layout-95d0b82a wp-block-group-is-layout-flex\">\n<details class=\"wp-block-details is-layout-flow wp-block-details-is-layout-flow\"><summary>Do I need to pay a deposit?<\/summary>\n<p class=\"wp-block-paragraph\">No, no deposit is required for our meeting. <\/p>\n\n\n\n<p class=\"wp-block-paragraph\">However, any travel expenses incurred must be paid in full in advance. You can find out whether travel expenses will be required for your booking under <a href=\"https:\/\/lilia-escort.com\/en\/honorar\/\">Rates<\/a>.<\/p>\n<\/details>\n<\/div>\n<\/div>\n<\/div>\n<\/div>\n\n\n\n<div class=\"wp-block-group alignwide has-global-padding is-layout-constrained wp-container-core-group-is-layout-e3ca8dda wp-block-group-is-layout-constrained\" style=\"margin-top:40px;margin-bottom:40px\">\n<h3 class=\"wp-block-heading has-text-align-center is-menu-section-name has-custom-color-2-color has-text-color has-link-color has-large-font-size wp-elements-5e6a19664a6bfb21f4e2dab618ff4930\">Escort Date<\/h3>\n\n\n\n<div class=\"wp-block-group is-layout-flow wp-container-core-group-is-layout-e54c22d0 wp-block-group-is-layout-flow\" style=\"margin-top:20px;margin-bottom:20px\">\n<div class=\"wp-block-group alignwide is-layout-flow wp-block-group-is-layout-flow\" style=\"border-bottom-width:1px;padding-top:24px;padding-bottom:24px\">\n<div class=\"wp-block-group is-content-justification-space-between is-layout-flex wp-container-core-group-is-layout-95d0b82a wp-block-group-is-layout-flex\">\n<details class=\"wp-block-details is-layout-flow wp-block-details-is-layout-flow\"><summary>Where can we meet up?<\/summary>\n<p class=\"wp-block-paragraph\">I prefer stylish hotels or exclusive private locations. I am happy to give you recommendations. One of my favorites is the <a href=\"https:\/\/www.provocateur-hotel.com\/\" target=\"_blank\" rel=\"noreferrer noopener\">Hotel Provocateur<\/a> or the <a href=\"https:\/\/www.sohohouse.com\/de\/houses\/soho-house-berlin\" data-type=\"link\" data-id=\"https:\/\/www.sohohouse.com\/de\/houses\/soho-house-berlin\" target=\"_blank\" rel=\"noreferrer noopener\">Soho House<\/a> with its very sensual atmosphere. I also enjoy visiting other hotels that are suitable for the occasion and cater to business travelers in Berlin.<br>I do not visit private apartments.<\/p>\n<\/details>\n<\/div>\n<\/div>\n\n\n\n<div class=\"wp-block-group alignwide is-layout-flow wp-block-group-is-layout-flow\" style=\"border-bottom-width:1px;padding-top:24px;padding-bottom:24px\">\n<div class=\"wp-block-group is-content-justification-space-between is-layout-flex wp-container-core-group-is-layout-95d0b82a wp-block-group-is-layout-flex\">\n<details class=\"wp-block-details is-layout-flow wp-block-details-is-layout-flow\"><summary>What should I prepare for our Date?<\/summary>\n<p class=\"wp-block-paragraph\">A well-groomed appearance and respectful behavior are essential for our escort date, because a pleasant atmosphere is the best foundation for an unforgettable meeting.<\/p>\n\n\n\n<p class=\"wp-block-paragraph\">I prefer to start my exclusive dates in a relaxed bar where we can get to know each other in a pleasant atmosphere. For longer meetings of four hours or more, I prefer to start the evening with a stylish dinner. If you are unsure about which restaurant to choose, I will be happy to help you with suitable recommendations.<\/p>\n\n\n\n<p class=\"wp-block-paragraph\">For the more intimate part of our meeting, you should book a stylish hotel. I would be happy to give you some recommendations here as well.<\/p>\n<\/details>\n<\/div>\n<\/div>\n\n\n\n<div class=\"wp-block-group alignwide is-layout-flow wp-block-group-is-layout-flow\" style=\"border-bottom-width:1px;padding-top:24px;padding-bottom:24px\">\n<div class=\"wp-block-group is-content-justification-space-between is-layout-flex wp-container-core-group-is-layout-95d0b82a wp-block-group-is-layout-flex\">\n<details class=\"wp-block-details is-layout-flow wp-block-details-is-layout-flow\"><summary>How will our Date proceed?<\/summary>\n<p class=\"wp-block-paragraph\">Every Escort Date is as unique as the people who meet. Nevertheless, there are a few things that set the mood for our exclusive date and ensure an unforgettable time.<\/p>\n\n\n\n<p class=\"wp-block-paragraph translation-block\">We start by getting to know each other in a relaxed atmosphere, whether in a stylish bar or an elegant restaurant. Here we have the opportunity to get to know each other, settle in, and let the excitement build. It is important that you discreetly hand me my payment at the beginning without being asked.<\/p>\n\n\n\n<p class=\"wp-block-paragraph\">For longer Escort Dates, it can also be a little more cultural. A visit to the theater together, an exciting exhibition, or a concert can be the perfect start to our date and make the anticipation of our time together even more intense. If you are unsure, I will be happy to advise you on your selection.<\/p>\n\n\n\n<p class=\"wp-block-paragraph\">As things progress, I am happy to go with the flow between us. It is important to me that we both feel comfortable and can enjoy our time together\u2014without any time pressure or expectations, but with openness and ease.<\/p>\n\n\n\n<p class=\"wp-block-paragraph translation-block\">If you have any special requests or ideas for our exclusive date, please let me know with your request. This will allow me to tailor our meeting to your needs and ensure that we have an unforgettable time together.<\/p>\n<\/details>\n<\/div>\n<\/div>\n\n\n\n<div class=\"wp-block-group alignwide is-layout-flow wp-block-group-is-layout-flow\" style=\"border-bottom-width:1px;padding-top:24px;padding-bottom:24px\">\n<div class=\"wp-block-group is-content-justification-space-between is-layout-flex wp-container-core-group-is-layout-95d0b82a wp-block-group-is-layout-flex\">\n<details class=\"wp-block-details is-layout-flow wp-block-details-is-layout-flow\"><summary>Do you offer Dates with multiple people? (Escort for couples\/ Escort for threesomes\/ group constellations)<\/summary>\n<p class=\"wp-block-paragraph\">Yes, I enjoy meeting couples and sharing special moments with three people. There is no extra charge for dates with couples, as I really enjoy having another person there and experiencing an intimate experience with three people.<\/p>\n\n\n\n<p class=\"wp-block-paragraph\">A meeting with you and another escort colleague is also possible. My regular escort rate applies here as well. If you would like an escort colleague whom I do not yet know, it is necessary for me to meet her in person beforehand to ensure that the dynamics harmonize and  we both feel comfortable.<\/p>\n\n\n\n<p class=\"wp-block-paragraph translation-block\">You are welcome to inquire about other arrangements individually. Just include this in your message in the inquiry form so that I can arrange the perfect escort Date for you.<\/p>\n<\/details>\n<\/div>\n<\/div>\n\n\n\n<div class=\"wp-block-group alignwide is-layout-flow wp-block-group-is-layout-flow\" style=\"border-bottom-width:1px;padding-top:24px;padding-bottom:24px\">\n<div class=\"wp-block-group is-content-justification-space-between is-layout-flex wp-container-core-group-is-layout-95d0b82a wp-block-group-is-layout-flex\">\n<details class=\"wp-block-details is-layout-flow wp-block-details-is-layout-flow\"><summary>Do you offer your services for women?<\/summary>\n<p class=\"wp-block-paragraph\">Yes, as a pansexual woman, I offer my escort services to all people regardless of their gender identity. My dates are open, respectful, and individually tailored to the wishes of my companion.<\/p>\n<\/details>\n<\/div>\n<\/div>\n\n\n\n<div class=\"wp-block-group alignwide is-layout-flow wp-block-group-is-layout-flow\" style=\"border-bottom-width:1px;padding-top:24px;padding-bottom:24px\">\n<div class=\"wp-block-group is-content-justification-space-between is-layout-flex wp-container-core-group-is-layout-95d0b82a wp-block-group-is-layout-flex\">\n<details class=\"wp-block-details is-layout-flow wp-block-details-is-layout-flow\"><summary>What happens, if I need to cancel our Date?<\/summary>\n<p class=\"wp-block-paragraph\">I understand that plans can change. However, please note that I only offer a limited number of dates per month and reserve exclusive time slots for them. Therefore, the following applies:<br>If your cancellation is made at short notice\u2014i.e., within <strong>24 hours<\/strong> of the agreed appointment\u2014a cancellation fee of 10% of my initial rate will be charged. <strong>10 % des Honorars<\/strong> This applies regardless of the reason for cancellation.<\/p>\n\n\n\n<p class=\"wp-block-paragraph\">By booking a Date with me, you agree to these terms and conditions.<\/p>\n<\/details>\n<\/div>\n<\/div>\n\n\n\n<div class=\"wp-block-group alignwide is-layout-flow wp-block-group-is-layout-flow\" style=\"border-bottom-width:1px;padding-top:24px;padding-bottom:24px\">\n<div class=\"wp-block-group is-content-justification-space-between is-layout-flex wp-container-core-group-is-layout-95d0b82a wp-block-group-is-layout-flex\">\n<details class=\"wp-block-details is-layout-flow wp-block-details-is-layout-flow\"><summary>What happens in case we need to end the date earlier than expected?<\/summary>\n<p class=\"wp-block-paragraph\">Sometimes it only becomes clear during a meeting whether the chemistry is right or not. If, despite mutual efforts, there is no harmony, we can end the date discreetly and respectfully at any time. To avoid such situations, I like to start our meeting in a relaxed setting with a drink, e.g. at the bar.<\/p>\n\n\n\n<p class=\"wp-block-paragraph\">Respect and pleasant interaction are essential to me. If I feel uncomfortable during the meeting or my boundaries are not respected, I reserve the right to end the date immediately. In this case, the fee will not be refunded.<\/p>\n<\/details>\n<\/div>\n<\/div>\n<\/div>\n<\/div>\n\n\n\n<div class=\"wp-block-group alignwide has-global-padding is-layout-constrained wp-container-core-group-is-layout-e3ca8dda wp-block-group-is-layout-constrained\" style=\"margin-top:40px;margin-bottom:40px\">\n<h3 class=\"wp-block-heading has-text-align-center is-menu-section-name has-custom-color-2-color has-text-color has-link-color has-large-font-size wp-elements-d3067ad24fd653f22a8236f0a5a7d8a0\">Other<\/h3>\n\n\n\n<div class=\"wp-block-group is-layout-flow wp-container-core-group-is-layout-e54c22d0 wp-block-group-is-layout-flow\" style=\"margin-top:20px;margin-bottom:20px\">\n<div class=\"wp-block-group alignwide is-layout-flow wp-block-group-is-layout-flow\" style=\"border-bottom-width:1px;padding-top:24px;padding-bottom:24px\">\n<div class=\"wp-block-group is-content-justification-space-between is-layout-flex wp-container-core-group-is-layout-95d0b82a wp-block-group-is-layout-flex\">\n<details class=\"wp-block-details is-layout-flow wp-block-details-is-layout-flow\"><summary>Can I contact you via WhatsApp<\/summary>\n<p class=\"wp-block-paragraph\">I prefer initial escort requests to be made via the request form. Once we have confirmed an appointment, we can arrange discreet means of communication (including WhatsApp) to discuss the details.<\/p>\n<\/details>\n<\/div>\n<\/div>\n\n\n\n<div class=\"wp-block-group alignwide is-layout-flow wp-block-group-is-layout-flow\" style=\"border-bottom-width:1px;padding-top:24px;padding-bottom:24px\">\n<div class=\"wp-block-group is-content-justification-space-between is-layout-flex wp-container-core-group-is-layout-95d0b82a wp-block-group-is-layout-flex\">\n<details class=\"wp-block-details is-layout-flow wp-block-details-is-layout-flow\"><summary>Can you join me on my travels?<\/summary>\n<p class=\"wp-block-paragraph\">Yes, I am available for exclusive travel companionship. Whether it's a business trip, a luxury vacation, or similar travel occasions, I would be happy to accompany you. Since trust and harmony are essential for traveling together, at least one dinner-only date is required in advance to get to know each other and ensure that the dynamic between us is right. Please plan your request for travels well in advance so that all details can be coordinated and I can be perfectly prepared for our trip.<\/p>\n<\/details>\n<\/div>\n<\/div>\n\n\n\n<div class=\"wp-block-group alignwide is-layout-flow wp-block-group-is-layout-flow\" style=\"border-bottom-width:1px;padding-top:24px;padding-bottom:24px\">\n<div class=\"wp-block-group is-content-justification-space-between is-layout-flex wp-container-core-group-is-layout-95d0b82a wp-block-group-is-layout-flex\">\n<details class=\"wp-block-details is-layout-flow wp-block-details-is-layout-flow\"><summary>Can I bring you a present?<\/summary>\n<p class=\"wp-block-paragraph\">Gifts for escort dates are of course not mandatory, but they are a wonderful gesture. If you would like to make me happy, gift vouchers from my favorite lingerie stores, such as <a href=\"https:\/\/www.agentprovocateur.com\/\" target=\"_blank\" rel=\"noreferrer noopener\">Agent Provocateur<\/a> or <a href=\"https:\/\/eu.honeybirdette.com\/\" target=\"_blank\" data-type=\"link\" data-id=\"https:\/\/eu.honeybirdette.com\/\" rel=\"noreferrer noopener\">Honey Birdette<\/a>, are a wonderful choice. I also appreciate books, an elegant designer handbag, stylish high heels, or a beautiful bouquet of flowers. If you are unsure, please feel free to ask me about my preferences.<\/p>\n<\/details>\n<\/div>\n<\/div>\n<\/div>\n<\/div>\n<\/div>\n<\/div>\n\n\n\n<div class=\"wp-block-group alignfull has-global-padding is-layout-constrained wp-block-group-is-layout-constrained\" style=\"margin-top:0px;margin-bottom:0px;padding-top:0px;padding-bottom:0px\">\n<div class=\"wp-block-cover alignfull is-light has-parallax\" style=\"margin-top:0;margin-bottom:0;padding-top:0;padding-right:var(--wp--preset--spacing--50);padding-bottom:0;padding-left:var(--wp--preset--spacing--50);min-height:400px;aspect-ratio:unset;\"><div role=\"img\" aria-label=\"Lilia in rotem Spitzen-Body auf weichem Teppich \u2013 High Class Escort Berlin mit Sinnlichkeit und Stil\" class=\"wp-block-cover__image-background wp-image-999 size-full has-parallax\" style=\"background-position:50% 50%;background-image:url(https:\/\/lilia-escort.com\/wp-content\/uploads\/2025\/04\/0091-WebP.webp)\"><\/div><span aria-hidden=\"true\" class=\"wp-block-cover__background has-accent-2-background-color has-background-dim-10 has-background-dim\"><\/span><div class=\"wp-block-cover__inner-container is-layout-flow wp-block-cover-is-layout-flow\">\n<div style=\"height:var(--wp--preset--spacing--50)\" aria-hidden=\"true\" class=\"wp-block-spacer\"><\/div>\n\n\n\n<div class=\"wp-block-group is-style-default has-global-padding is-layout-constrained wp-block-group-is-layout-constrained\">\n<h2 class=\"wp-block-heading alignwide has-text-align-center has-custom-color-3-color has-text-color has-link-color has-snell-roundhand-font-family wp-elements-4a7669c3c9c4aed4354360e6124d4438\" style=\"font-size:clamp(1.301rem, 1.301rem + ((1vw - 0.2rem) * 1.332), 2.1rem);\">Every beautiful story starts with a message...<\/h2>\n\n\n\n<div class=\"wp-block-buttons is-content-justification-center is-layout-flex wp-container-core-buttons-is-layout-0aa01211 wp-block-buttons-is-layout-flex\">\n<div class=\"wp-block-button\"><a class=\"wp-block-button__link has-custom-color-3-background-color has-background wp-element-button\" href=\"https:\/\/lilia-escort.com\/en\/anfrageformular\/\" style=\"font-style:normal;font-weight:400\">I'm excited to receive yours<\/a><\/div>\n<\/div>\n<\/div>\n\n\n\n<div style=\"height:var(--wp--preset--spacing--50)\" aria-hidden=\"true\" class=\"wp-block-spacer\"><\/div>\n<\/div><\/div>\n<\/div>","protected":false},"excerpt":{"rendered":"<p>FAQ Escort-Dates Allgemeines Buchung &amp; Finanzielles Treffen &amp; Ablauf Sonstiges<\/p>","protected":false},"author":262972094,"featured_media":0,"parent":0,"menu_order":0,"comment_status":"closed","ping_status":"closed","template":"","meta":{"_crdt_document":"","jetpack_post_was_ever_published":false,"footnotes":""},"class_list":["post-27","page","type-page","status-publish","hentry"],"jetpack_likes_enabled":true,"jetpack_sharing_enabled":true,"jetpack_shortlink":"https:\/\/wp.me\/PgoNvq-r","jetpack-related-posts":[],"_links":{"self":[{"href":"https:\/\/lilia-escort.com\/en\/wp-json\/wp\/v2\/pages\/27","targetHints":{"allow":["GET"]}}],"collection":[{"href":"https:\/\/lilia-escort.com\/en\/wp-json\/wp\/v2\/pages"}],"about":[{"href":"https:\/\/lilia-escort.com\/en\/wp-json\/wp\/v2\/types\/page"}],"author":[{"embeddable":true,"href":"https:\/\/lilia-escort.com\/en\/wp-json\/wp\/v2\/users\/262972094"}],"replies":[{"embeddable":true,"href":"https:\/\/lilia-escort.com\/en\/wp-json\/wp\/v2\/comments?post=27"}],"version-history":[{"count":3,"href":"https:\/\/lilia-escort.com\/en\/wp-json\/wp\/v2\/pages\/27\/revisions"}],"predecessor-version":[{"id":1204,"href":"https:\/\/lilia-escort.com\/en\/wp-json\/wp\/v2\/pages\/27\/revisions\/1204"}],"wp:attachment":[{"href":"https:\/\/lilia-escort.com\/en\/wp-json\/wp\/v2\/media?parent=27"}],"curies":[{"name":"wp","href":"https:\/\/api.w.org\/{rel}","templated":true}]}}